{"id":2104,"date":"2020-05-20T20:55:56","date_gmt":"2020-05-20T19:55:56","guid":{"rendered":"https:\/\/www.juergenholz.de\/?page_id=2104"},"modified":"2023-03-11T20:36:37","modified_gmt":"2023-03-11T19:36:37","slug":"dev-langs","status":"publish","type":"page","link":"https:\/\/www.juergenholz.de\/en\/dev-langs\/","title":{"rendered":"Dev &#038; Langs"},"content":{"rendered":"<section class=\"l-section wpb_row height_large with_shape\"><div class=\"l-section-shape type_triangle pos_bottom\" style=\"height:2vw;\"><svg xmlns=\"http:\/\/www.w3.org\/2000\/svg\" viewBox=\"0 0 64 8\" preserveAspectRatio=\"none\" width=\"100%\" height=\"100%\">\r\n\t<path fill=\"currentColor\" d=\"M64 8 L0 8 L0 0 L32 7.9 L64 0 Z\"\/>\r\n<\/svg><\/div><div class=\"l-section-h i-cf\"><div class=\"g-cols vc_row via_flex valign_top type_default stacking_default\"><div class=\"vc_col-sm-12 wpb_column vc_column_container\"><div class=\"vc_column-inner\"><div class=\"wpb_wrapper\"><div class=\"wpb_text_column\"><div class=\"wpb_wrapper\"><h1><strong>Development &amp; Languages<\/strong><\/h1>\n<\/div><\/div><\/div><\/div><\/div><\/div><\/div><\/section><section class=\"l-section wpb_row height_medium\"><div class=\"l-section-h i-cf\"><div class=\"g-cols vc_row via_flex valign_top type_default stacking_default\"><div class=\"vc_col-sm-12 wpb_column vc_column_container\"><div class=\"vc_column-inner\"><div class=\"wpb_wrapper\"><div class=\"w-grid type_grid layout_blog_classic cols_3\" id=\"us_grid_1\" style=\"--columns:3;--gap:1.5rem;\" data-filterable=\"true\"><style>@media (max-width:1024px){#us_grid_1{--columns:2!important}}@media (max-width:600px){#us_grid_1{--columns:1!important}}.layout_blog_classic .w-grid-item-h{}.layout_blog_classic .usg_post_image_1{margin-bottom:1rem!important}.layout_blog_classic .usg_post_title_1{font-size:1.4rem!important;font-weight:700!important;margin-bottom:0.5rem!important}.layout_blog_classic .usg_hwrapper_1{color:var(--color-content-faded)!important;font-size:0.9rem!important}.layout_blog_classic .usg_post_taxonomy_1{font-weight:700!important;text-transform:uppercase!important}.layout_blog_classic .usg_post_content_1{max-width:600px!important;margin-top:0.5rem!important}<\/style><div class=\"w-grid-list\">\t<article class=\"w-grid-item size_1x1 post-139 post type-post status-publish format-standard hentry category-visual-studio\" data-id=\"139\">\r\n\t\t<div class=\"w-grid-item-h\">\r\n\t\t\t\t\t\t<h2 class=\"w-post-elm post_title usg_post_title_1 entry-title color_link_inherit\"><a href=\"https:\/\/www.juergenholz.de\/en\/elements-xml-feature-xml-mit-intellisense-hilfe-im-visual-studio\/\">elements.xml, feature.xml mit IntelliSense Hilfe im Visual Studio<\/a><\/h2><div class=\"w-hwrapper usg_hwrapper_1 has_text_color align_none valign_top wrap\"><div class=\"w-post-elm post_taxonomy usg_post_taxonomy_1 style_simple\"><a class=\"term-14 term-visual-studio\" href=\"https:\/\/www.juergenholz.de\/en\/category\/dev\/visual-studio\/\">Visual Studio<\/a><\/div><time class=\"w-post-elm post_date usg_post_date_1 entry-date published\" datetime=\"2010-07-08T09:00:53+01:00\" title=\"8 July 2010 at 09:00:53 +01:00\">16 years ago<\/time><\/div><div class=\"w-post-elm post_content usg_post_content_1\">Wenn Ihr ein Feature mit MOSS 2007 deployed braucht ihr ein paar XML-Beschreibungsdateien, wie elements.xml und feature.xml. Um diese schneller, effektiver und richtiger J zu erstellen sollte das passende Schema&hellip;<\/div>\t\t<\/div>\r\n\t\t\t<\/article>\r\n\t<article class=\"w-grid-item size_1x1 post-137 post type-post status-publish format-standard hentry category-visual-studio\" data-id=\"137\">\r\n\t\t<div class=\"w-grid-item-h\">\r\n\t\t\t\t\t\t<h2 class=\"w-post-elm post_title usg_post_title_1 entry-title color_link_inherit\"><a href=\"https:\/\/www.juergenholz.de\/en\/wsp-builder-mit-deutschem-visual-studio\/\">WSP Builder mit deutschem Visual Studio<\/a><\/h2><div class=\"w-hwrapper usg_hwrapper_1 has_text_color align_none valign_top wrap\"><div class=\"w-post-elm post_taxonomy usg_post_taxonomy_1 style_simple\"><a class=\"term-14 term-visual-studio\" href=\"https:\/\/www.juergenholz.de\/en\/category\/dev\/visual-studio\/\">Visual Studio<\/a><\/div><time class=\"w-post-elm post_date usg_post_date_1 entry-date published\" datetime=\"2010-06-30T12:46:54+01:00\" title=\"30 June 2010 at 12:46:54 +01:00\">16 years ago<\/time><\/div><div class=\"w-post-elm post_content usg_post_content_1\">\u00a0 Wer den WSPBuilder auf einem nicht englischen Visual Studio 2005\/2008 installiert, bekommt im Kontextmenu des Projektes leider nicht die WSP-Builder Toolleiste angezeigt. Um dieses Problem zu beheben: Im Visual&hellip;<\/div>\t\t<\/div>\r\n\t\t\t<\/article>\r\n\t<article class=\"w-grid-item size_1x1 post-86 post type-post status-publish format-standard hentry category-html category-javascript\" data-id=\"86\">\r\n\t\t<div class=\"w-grid-item-h\">\r\n\t\t\t\t\t\t<h2 class=\"w-post-elm post_title usg_post_title_1 entry-title color_link_inherit\"><a href=\"https:\/\/www.juergenholz.de\/en\/iframe-mit-externer-url-scrollen\/\">iframe mit externer URL scrollen<\/a><\/h2><div class=\"w-hwrapper usg_hwrapper_1 has_text_color align_none valign_top wrap\"><div class=\"w-post-elm post_taxonomy usg_post_taxonomy_1 style_simple\"><a class=\"term-27 term-html\" href=\"https:\/\/www.juergenholz.de\/en\/category\/dev\/html\/\">HTML<\/a><b>, <\/b><a class=\"term-28 term-javascript\" href=\"https:\/\/www.juergenholz.de\/en\/category\/dev\/javascript\/\">Javascript<\/a><\/div><time class=\"w-post-elm post_date usg_post_date_1 entry-date published\" datetime=\"2010-02-15T13:42:46+01:00\" title=\"15 February 2010 at 13:42:46 +01:00\">16 years ago<\/time><\/div><div class=\"w-post-elm post_content usg_post_content_1\">Hier ein kleines Beispiel um einen iframe zu scrollen. Das Problem hier ist, da\u00df die URL des iframes auf eine externe Resource verweist. Ein scrollBy() wird nicht ausgef\u00fchrt. Der Workaround&hellip;<\/div>\t\t<\/div>\r\n\t\t\t<\/article>\r\n\t<article class=\"w-grid-item size_1x1 post-81 post type-post status-publish format-standard hentry category-css category-xml\" data-id=\"81\">\r\n\t\t<div class=\"w-grid-item-h\">\r\n\t\t\t\t\t\t<h2 class=\"w-post-elm post_title usg_post_title_1 entry-title color_link_inherit\"><a href=\"https:\/\/www.juergenholz.de\/en\/img-element-shows-no-padding\/\">IMG-Element  shows no padding<\/a><\/h2><div class=\"w-hwrapper usg_hwrapper_1 has_text_color align_none valign_top wrap\"><div class=\"w-post-elm post_taxonomy usg_post_taxonomy_1 style_simple\"><a class=\"term-25 term-css\" href=\"https:\/\/www.juergenholz.de\/en\/category\/dev\/css\/\">CSS<\/a><b>, <\/b><a class=\"term-26 term-xml\" href=\"https:\/\/www.juergenholz.de\/en\/category\/dev\/xml\/\">XML<\/a><\/div><time class=\"w-post-elm post_date usg_post_date_1 entry-date published\" datetime=\"2010-02-15T10:17:23+01:00\" title=\"15 February 2010 at 10:17:23 +01:00\">16 years ago<\/time><\/div><div class=\"w-post-elm post_content usg_post_content_1\">\u00a0 Diesmal ein kleines Problem zum Thema CSS\u2026 Problemstellung: Ein Bild soll mit einer padding von 2 Pixeln und einem Rahmen versehen werden. Firefox, Safari etc. stellen den style korrekt&hellip;<\/div>\t\t<\/div>\r\n\t\t\t<\/article>\r\n\t<article class=\"w-grid-item size_1x1 post-62 post type-post status-publish format-standard hentry category-html category-javascript\" data-id=\"62\">\r\n\t\t<div class=\"w-grid-item-h\">\r\n\t\t\t\t\t\t<h2 class=\"w-post-elm post_title usg_post_title_1 entry-title color_link_inherit\"><a href=\"https:\/\/www.juergenholz.de\/en\/get-parameter-per-javascript-auslesen\/\">GET-Parameter per Javascript auslesen<\/a><\/h2><div class=\"w-hwrapper usg_hwrapper_1 has_text_color align_none valign_top wrap\"><div class=\"w-post-elm post_taxonomy usg_post_taxonomy_1 style_simple\"><a class=\"term-27 term-html\" href=\"https:\/\/www.juergenholz.de\/en\/category\/dev\/html\/\">HTML<\/a><b>, <\/b><a class=\"term-28 term-javascript\" href=\"https:\/\/www.juergenholz.de\/en\/category\/dev\/javascript\/\">Javascript<\/a><\/div><time class=\"w-post-elm post_date usg_post_date_1 entry-date published\" datetime=\"2010-02-04T13:34:10+01:00\" title=\"4 February 2010 at 13:34:10 +01:00\">16 years ago<\/time><\/div><div class=\"w-post-elm post_content usg_post_content_1\">Hier ein kleiner Script-Schnipsel um get-Parameter per Javascript auszulesen: Aufruf erfolgt mit\u00a0http:\/\/www.test.de\/getparams.html?test=hallo&amp;test2=welt &lt;SCRIPT type=&quot;text\/javascript&quot;&gt; &lt;!-- HTTP_GET_VARS=new Array(); strGET=document.location.search.substr(1,document.location.search.length); if(strGET!='') { gArr=strGET.split('&amp;'); for(i=0;i&lt;gArr.length;++i) { v='';vArr=gArr&#x5B;i].split('='); if(vArr.length&gt;1){v=vArr&#x5B;1];} HTTP_GET_VARS&#x5B;unescape(vArr&#x5B;0])]=unescape(v); } } function GET(v)&hellip;<\/div>\t\t<\/div>\r\n\t\t\t<\/article>\r\n\t<article class=\"w-grid-item size_1x1 post-32 post type-post status-publish format-standard hentry category-allgemein category-tools\" data-id=\"32\">\r\n\t\t<div class=\"w-grid-item-h\">\r\n\t\t\t\t\t\t<h2 class=\"w-post-elm post_title usg_post_title_1 entry-title color_link_inherit\"><a href=\"https:\/\/www.juergenholz.de\/en\/testdaten-generieren\/\">Testdaten generieren<\/a><\/h2><div class=\"w-hwrapper usg_hwrapper_1 has_text_color align_none valign_top wrap\"><div class=\"w-post-elm post_taxonomy usg_post_taxonomy_1 style_simple\"><a class=\"term-1 term-allgemein\" href=\"https:\/\/www.juergenholz.de\/en\/category\/allgemein\/\">Allgemein<\/a><b>, <\/b><a class=\"term-24 term-tools\" href=\"https:\/\/www.juergenholz.de\/en\/category\/dev\/tools\/\">Tools<\/a><\/div><time class=\"w-post-elm post_date usg_post_date_1 entry-date published\" datetime=\"2010-02-04T10:18:51+01:00\" title=\"4 February 2010 at 10:18:51 +01:00\">16 years ago<\/time><\/div><div class=\"w-post-elm post_content usg_post_content_1\">Testdaten generieren und exportieren Der Testdatengenerator unter http:\/\/www.generatedata.com\/#generator ist zur schnellen Generierung von Testdaten gut geeignet. Der Export der Daten kann als CSV, Excel, XML oder SQL erfolgen. Die Testdaten&hellip;<\/div>\t\t<\/div>\r\n\t\t\t<\/article>\r\n\t<article class=\"w-grid-item size_1x1 post-22 post type-post status-publish format-standard hentry category-visual-studio category-wss category-wss-development tag-publickeytoken tag-vs-2008\" data-id=\"22\">\r\n\t\t<div class=\"w-grid-item-h\">\r\n\t\t\t\t\t\t<h2 class=\"w-post-elm post_title usg_post_title_1 entry-title color_link_inherit\"><a href=\"https:\/\/www.juergenholz.de\/en\/publickeytoken-auslesen-mit-visual-studio-2008\/\">PublicKeyToken auslesen mit Visual Studio 2008<\/a><\/h2><div class=\"w-hwrapper usg_hwrapper_1 has_text_color align_none valign_top wrap\"><div class=\"w-post-elm post_taxonomy usg_post_taxonomy_1 style_simple\"><a class=\"term-14 term-visual-studio\" href=\"https:\/\/www.juergenholz.de\/en\/category\/dev\/visual-studio\/\">Visual Studio<\/a><b>, <\/b><a class=\"term-3 term-wss\" href=\"https:\/\/www.juergenholz.de\/en\/category\/sharepoint\/wss\/\">WSS<\/a><b>, <\/b><a class=\"term-13 term-wss-development\" href=\"https:\/\/www.juergenholz.de\/en\/category\/sharepoint\/wss-development\/\">WSS-Development<\/a><\/div><time class=\"w-post-elm post_date usg_post_date_1 entry-date published\" datetime=\"2009-12-04T10:48:35+01:00\" title=\"4 December 2009 at 10:48:35 +01:00\">16 years ago<\/time><\/div><div class=\"w-post-elm post_content usg_post_content_1\">H\u00e4ufig wird f\u00fcr die Erstellung einer Solution der Wert des PublicKeyTokens ben\u00f6tigt. Der klassiche Weg \u00fcber die Konsole und dann der AUfruf von sn.exe h\u00e4lt zwar die Finger in Schwung&hellip;<\/div>\t\t<\/div>\r\n\t\t\t<\/article>\r\n\t<article class=\"w-grid-item size_1x1 post-13 post type-post status-publish format-standard hentry category-visual-studio category-wss-development tag-development tag-visual-studio tag-wss\" data-id=\"13\">\r\n\t\t<div class=\"w-grid-item-h\">\r\n\t\t\t\t\t\t<h2 class=\"w-post-elm post_title usg_post_title_1 entry-title color_link_inherit\"><a href=\"https:\/\/www.juergenholz.de\/en\/wsp-builder-cablib-dll-problem\/\">WSP Builder cablib.dll Problem<\/a><\/h2><div class=\"w-hwrapper usg_hwrapper_1 has_text_color align_none valign_top wrap\"><div class=\"w-post-elm post_taxonomy usg_post_taxonomy_1 style_simple\"><a class=\"term-14 term-visual-studio\" href=\"https:\/\/www.juergenholz.de\/en\/category\/dev\/visual-studio\/\">Visual Studio<\/a><b>, <\/b><a class=\"term-13 term-wss-development\" href=\"https:\/\/www.juergenholz.de\/en\/category\/sharepoint\/wss-development\/\">WSS-Development<\/a><\/div><time class=\"w-post-elm post_date usg_post_date_1 entry-date published\" datetime=\"2009-12-04T10:43:26+01:00\" title=\"4 December 2009 at 10:43:26 +01:00\">16 years ago<\/time><\/div><div class=\"w-post-elm post_content usg_post_content_1\">So nach einiger Abstinenz endlich wieder entwickeln d\u00fcrfen. Schnell ein kleines Feature fertig machen usw&#8230; Aber was ist das der WSP-Builder terminiert mit einer lustigen Fehlermeldung: Creating the WSP file&hellip;<\/div>\t\t<\/div>\r\n\t\t\t<\/article>\r\n<\/div><div class=\"w-grid-preloader\">\t<div class=\"g-preloader type_2\">\r\n\t\t<div><\/div>\r\n\t<\/div>\r\n\t<\/div>\t<div class=\"w-grid-json hidden\" onclick='return {&quot;action&quot;:&quot;us_ajax_grid&quot;,&quot;infinite_scroll&quot;:0,&quot;max_num_pages&quot;:1,&quot;pagination&quot;:&quot;none&quot;,&quot;template_vars&quot;:{&quot;columns&quot;:&quot;3&quot;,&quot;exclude_items&quot;:&quot;none&quot;,&quot;img_size&quot;:&quot;default&quot;,&quot;ignore_items_size&quot;:0,&quot;items_layout&quot;:&quot;blog_classic&quot;,&quot;items_offset&quot;:&quot;1&quot;,&quot;load_animation&quot;:&quot;none&quot;,&quot;overriding_link&quot;:&quot;{\\&quot;url\\&quot;:\\&quot;\\&quot;}&quot;,&quot;post_id&quot;:0,&quot;query_args&quot;:{&quot;post_type&quot;:[&quot;post&quot;],&quot;tax_query&quot;:[{&quot;taxonomy&quot;:&quot;category&quot;,&quot;field&quot;:&quot;slug&quot;,&quot;terms&quot;:[&quot;dev&quot;]}],&quot;post_status&quot;:[&quot;publish&quot;],&quot;posts_per_page&quot;:&quot;10&quot;},&quot;orderby_query_args&quot;:{&quot;orderby&quot;:{&quot;date&quot;:&quot;DESC&quot;}},&quot;type&quot;:&quot;grid&quot;,&quot;us_grid_post_type&quot;:&quot;post&quot;,&quot;us_grid_ajax_index&quot;:1,&quot;us_grid_filter_query_string&quot;:null,&quot;us_grid_index&quot;:1,&quot;page_args&quot;:[]}}'><\/div>\r\n\t<\/div><\/div><\/div><\/div><\/div><\/div><\/section>\n<div class=\"juerg-endepost\" style=\"margin-left: auto;margin-right: auto;text-align: center;\" id=\"juerg-810519482\"><div class=\"juerg-adlabel\">Werbung<\/div><script async src=\"\/\/pagead2.googlesyndication.com\/pagead\/js\/adsbygoogle.js?client=ca-pub-4708705370860748\" crossorigin=\"anonymous\"><\/script><ins class=\"adsbygoogle\" style=\"display:inline-block;width:728px;height:90px;\" \ndata-ad-client=\"ca-pub-4708705370860748\" \ndata-ad-slot=\"4810788593\"><\/ins> \n<script> \n(adsbygoogle = window.adsbygoogle || []).push({}); \n<\/script>\n<\/div>","protected":false},"excerpt":{"rendered":"So nach einiger Abstinenz endlich wieder entwickeln d\u00fcrfen. Schnell ein kleines Feature fertig machen usw... Aber was ist das der WSP-Builder terminiert mit einer lustigen Fehlermeldung: Creating the WSP file Die Datei oder Assembly \"CabLib, Version=6.9.26.0, Culture=neutral, PublicKeyToken=85376ef9a48d191a\" oder eine Abhngigkeit davon wurde nicht gefunden. Hmmm, da scheint sich die falsche cablib.dll-Version eingeschlichen zu haben....","protected":false},"author":4,"featured_media":0,"parent":0,"menu_order":0,"comment_status":"closed","ping_status":"closed","template":"","meta":{"footnotes":""},"translation":{"provider":"WPGlobus","version":"3.0.0","language":"en","enabled_languages":["de","en"],"languages":{"de":{"title":true,"content":true,"excerpt":false},"en":{"title":false,"content":false,"excerpt":false}}},"_links":{"self":[{"href":"https:\/\/www.juergenholz.de\/en\/wp-json\/wp\/v2\/pages\/2104"}],"collection":[{"href":"https:\/\/www.juergenholz.de\/en\/wp-json\/wp\/v2\/pages"}],"about":[{"href":"https:\/\/www.juergenholz.de\/en\/wp-json\/wp\/v2\/types\/page"}],"author":[{"embeddable":true,"href":"https:\/\/www.juergenholz.de\/en\/wp-json\/wp\/v2\/users\/4"}],"replies":[{"embeddable":true,"href":"https:\/\/www.juergenholz.de\/en\/wp-json\/wp\/v2\/comments?post=2104"}],"version-history":[{"count":11,"href":"https:\/\/www.juergenholz.de\/en\/wp-json\/wp\/v2\/pages\/2104\/revisions"}],"predecessor-version":[{"id":2457,"href":"https:\/\/www.juergenholz.de\/en\/wp-json\/wp\/v2\/pages\/2104\/revisions\/2457"}],"wp:attachment":[{"href":"https:\/\/www.juergenholz.de\/en\/wp-json\/wp\/v2\/media?parent=2104"}],"curies":[{"name":"wp","href":"https:\/\/api.w.org\/{rel}","templated":true}]}}