{"id":2011,"date":"2019-09-07T17:08:20","date_gmt":"2019-09-07T16:08:20","guid":{"rendered":"https:\/\/www.juergenholz.de\/?page_id=2011"},"modified":"2025-04-23T20:19:25","modified_gmt":"2025-04-23T19:19:25","slug":"home","status":"publish","type":"page","link":"https:\/\/www.juergenholz.de\/en\/","title":{"rendered":"Home"},"content":{"rendered":"<section class=\"l-section wpb_row us_custom_874db816 height_medium\"><div class=\"l-section-h i-cf\"><div class=\"g-cols vc_row via_flex valign_top type_default stacking_default\"><div class=\"vc_col-sm-12 wpb_column vc_column_container\"><div class=\"vc_column-inner\"><div class=\"wpb_wrapper\"><div class=\"w-video align_none ratio_16x9 has_iframe\"><div class=\"w-video-h\"><iframe title=\"Youtube video player\" src=\"\/\/www.youtube.com\/embed\/dED7Jv4xPko?autoplay=0&controls=1&origin=https:\/\/www.juergenholz.de\/en&loop=0&mute=0\" allowfullscreen=\"1\" loading=\"lazy\"><\/iframe><\/div><div class=\"w-video-icon\" style=\"font-size:1.5rem;background:rgba(0,0,0,0.5);color:#fff\"><\/div><\/div><\/div><\/div><\/div><\/div><\/div><\/section><section class=\"l-section wpb_row us_custom_874db816 height_medium\"><div class=\"l-section-h i-cf\"><div class=\"g-cols vc_row via_flex valign_top type_default stacking_default\"><div class=\"vc_col-sm-12 wpb_column vc_column_container\"><div class=\"vc_column-inner\"><div class=\"wpb_wrapper\"><div class=\"w-video align_none ratio_16x9 has_iframe\"><div class=\"w-video-h\"><iframe title=\"Youtube video player\" src=\"\/\/www.youtube.com\/embed\/ZaYFJoPzIXw?autoplay=0&controls=1&origin=https:\/\/www.juergenholz.de\/en&loop=0&mute=0\" allowfullscreen=\"1\" loading=\"lazy\"><\/iframe><\/div><div class=\"w-video-icon\" style=\"font-size:1.5rem;background:rgba(0,0,0,0.5);color:#fff\"><\/div><\/div><\/div><\/div><\/div><\/div><\/div><\/section><section class=\"l-section wpb_row us_custom_874db816 height_medium\"><div class=\"l-section-h i-cf\"><div class=\"g-cols vc_row via_flex valign_top type_default stacking_default\"><div class=\"vc_col-sm-12 wpb_column vc_column_container\"><div class=\"vc_column-inner\"><div class=\"wpb_wrapper\"><div class=\"w-video align_none ratio_16x9 has_iframe\"><div class=\"w-video-h\"><iframe title=\"Youtube video player\" src=\"\/\/www.youtube.com\/embed\/gj6FgpT0zCo?autoplay=0&controls=1&origin=https:\/\/www.juergenholz.de\/en&loop=0&mute=0\" allowfullscreen=\"1\" loading=\"lazy\"><\/iframe><\/div><div class=\"w-video-icon\" style=\"font-size:1.5rem;background:rgba(0,0,0,0.5);color:#fff\"><\/div><\/div><\/div><\/div><\/div><\/div><\/div><\/section><section class=\"l-section wpb_row us_custom_874db816 height_medium\"><div class=\"l-section-h i-cf\"><div class=\"g-cols vc_row via_flex valign_top type_default stacking_default\"><div class=\"vc_col-sm-12 wpb_column vc_column_container\"><div class=\"vc_column-inner\"><div class=\"wpb_wrapper\"><div class=\"w-video align_none ratio_16x9 has_iframe\"><div class=\"w-video-h\"><iframe title=\"Youtube video player\" src=\"\/\/www.youtube.com\/embed\/UiPbtmBX0H8?autoplay=0&controls=1&origin=https:\/\/www.juergenholz.de\/en&loop=0&mute=0\" allowfullscreen=\"1\" loading=\"lazy\"><\/iframe><\/div><div class=\"w-video-icon\" style=\"font-size:1.5rem;background:rgba(0,0,0,0.5);color:#fff\"><\/div><\/div><\/div><\/div><\/div><\/div><\/div><\/section><section class=\"l-section wpb_row us_custom_874db816 height_medium\"><div class=\"l-section-h i-cf\"><div class=\"g-cols vc_row via_flex valign_top type_default stacking_default\"><div class=\"vc_col-sm-12 wpb_column vc_column_container\"><div class=\"vc_column-inner\"><div class=\"wpb_wrapper\"><div class=\"w-video align_none ratio_16x9 has_iframe\"><div class=\"w-video-h\"><iframe title=\"Youtube video player\" src=\"\/\/www.youtube.com\/embed\/3MmICuEvSlA?autoplay=0&controls=1&origin=https:\/\/www.juergenholz.de\/en&loop=0&mute=0\" allowfullscreen=\"1\" loading=\"lazy\"><\/iframe><\/div><div class=\"w-video-icon\" style=\"font-size:1.5rem;background:rgba(0,0,0,0.5);color:#fff\"><\/div><\/div><\/div><\/div><\/div><\/div><\/div><\/section><section class=\"l-section wpb_row us_custom_37986c33 height_medium width_full with_img with_shape\"><div class=\"l-section-img\" role=\"img\" data-img-width=\"2476\" data-img-height=\"2560\" style=\"background-image: url(https:\/\/www.juergenholz.de\/wp-content\/uploads\/2021\/09\/juergen-holz-scaled.jpg);background-repeat: no-repeat;\"><\/div><div class=\"l-section-shape type_tilt pos_bottom\" style=\"height:3vw;color:#3b3d40\"><svg xmlns=\"http:\/\/www.w3.org\/2000\/svg\" viewBox=\"0 0 64 8\" preserveAspectRatio=\"none\" width=\"100%\" height=\"100%\">\r\n\t<path fill=\"currentColor\" d=\"M64 7.9 L64 10 L0 10 L0 0 Z\"\/>\r\n<\/svg><\/div><div class=\"l-section-h i-cf\"><div class=\"g-cols vc_row via_flex valign_middle type_default stacking_default\"><div class=\"vc_col-sm-12 wpb_column vc_column_container\"><div class=\"vc_column-inner\"><div class=\"wpb_wrapper\"><\/div><\/div><\/div><\/div><\/div><\/section><section class=\"l-section wpb_row us_custom_874db816 height_medium\"><div class=\"l-section-h i-cf\"><div class=\"g-cols vc_row via_flex valign_top type_default stacking_default\"><div class=\"vc_col-sm-12 wpb_column vc_column_container\"><div class=\"vc_column-inner\"><div class=\"wpb_wrapper\"><div class=\"wpb_text_column us_custom_8b3d6790 has_text_color\"><div class=\"wpb_wrapper\"><h1>J\u00fcrgen Holz<\/h1>\n<\/div><\/div><div class=\"wpb_text_column us_custom_6df4bc3a has_text_color\"><div class=\"wpb_wrapper\"><h3>Sch\u00f6n das wir uns virtuell treffen.<br \/>\nDu findest hier viele Beitr\u00e4ge und Informationen die mich in meinem Leben begleiten und beindrucken.<br \/>\nDa sind meine aktuellen arbeitstechnischen Themen als Entwickler, Consultant und Trainer wie Microsoft 365, SharePoint und dazu die verschiedene Programmiersprachen und Markupsprachen (Powershell,Java,C#, Javascript, HTML,CSS,XML,XSLT).<br \/>\nWeiterhin findet Ihr Beitr\u00e4ge zum Klettern und Badminton und auch zu mir pers\u00f6nlich (wie z.B. meinem Lieblingsthema &#8220;lebenslanges Lernen&#8221;).<br \/>\nHabt Spa\u00df \ud83d\ude42<\/h3>\n<\/div><\/div><\/div><\/div><\/div><\/div><\/div><\/section><section class=\"l-section wpb_row height_huge with_shape\"><div class=\"l-section-shape type_curve pos_top hor_flip\" style=\"height:1.5vw;color:#3b3d40\"><svg xmlns=\"http:\/\/www.w3.org\/2000\/svg\" viewBox=\"0 0 64 8\" preserveAspectRatio=\"none\" width=\"100%\" height=\"100%\">\r\n\t<path fill=\"currentColor\" d=\"M64 8 L64 0 Q32 15.8 0 0 L0 8 Z\"\/>\r\n<\/svg><\/div><div class=\"l-section-shape type_curve pos_bottom\" style=\"height:1.5vw;color:#3b3d40\"><svg xmlns=\"http:\/\/www.w3.org\/2000\/svg\" viewBox=\"0 0 64 8\" preserveAspectRatio=\"none\" width=\"100%\" height=\"100%\">\r\n\t<path fill=\"currentColor\" d=\"M64 8 L64 0 Q32 15.8 0 0 L0 8 Z\"\/>\r\n<\/svg><\/div><div class=\"l-section-h i-cf\"><div class=\"g-cols vc_row via_flex valign_top type_default stacking_default\"><div class=\"vc_col-sm-6 wpb_column vc_column_container\"><div class=\"vc_column-inner\"><div class=\"wpb_wrapper\"><div class=\"w-actionbox color_primary controls_bottom\"><div class=\"w-actionbox-text\"><h2 class=\"w-actionbox-title\">Share Point<\/h2><div class=\"w-actionbox-description\"><p>L\u00f6sungen und News rund um das Thema SharePoint<\/p>\n<\/div><\/div><div class=\"w-actionbox-controls\"><a class=\"w-btn us-btn-style_2\" title=\"SharePoint\" href=\"https:\/\/www.juergenholz.de\/sharepointblog\/\"><span class=\"w-btn-label\">Zu SharePoint<\/span><\/a><\/div><\/div><div class=\"w-actionbox us_custom_e3b4da28 color_secondary controls_bottom\"><div class=\"w-actionbox-text\"><h2 class=\"w-actionbox-title\">Badminton<\/h2><div class=\"w-actionbox-description\"><p>Training, \u00dcbungen und Checkups mit Marc Checker<\/p>\n<\/div><\/div><div class=\"w-actionbox-controls\"><a class=\"w-btn us-btn-style_2\" title=\"SharePoint\" href=\"https:\/\/www.juergenholz.de\/badminton\/\"><span class=\"w-btn-label\">Zum Badminton Blog<\/span><\/a><\/div><\/div><\/div><\/div><\/div><div class=\"vc_col-sm-6 wpb_column vc_column_container\"><div class=\"vc_column-inner\"><div class=\"wpb_wrapper\"><div class=\"w-actionbox color_primary controls_bottom\"><div class=\"w-actionbox-text\"><h2 class=\"w-actionbox-title\">Dev &amp; Langs<\/h2><div class=\"w-actionbox-description\"><p>Blog \u00fcber XML, HTML, CSS, Javascript, iFrame etc.<\/p>\n<\/div><\/div><div class=\"w-actionbox-controls\"><a class=\"w-btn us-btn-style_2\" title=\"SharePoint\" href=\"https:\/\/www.juergenholz.de\/dev-langs\/\"><span class=\"w-btn-label\">Zu Dev &amp; Langs<\/span><\/a><\/div><\/div><div class=\"w-actionbox us_custom_e3b4da28 color_secondary controls_bottom\"><div class=\"w-actionbox-text\"><h2 class=\"w-actionbox-title\">Lerne! Immer und \u00fcberall<\/h2><div class=\"w-actionbox-description\"><p>Lebenslanges Lernen setzt wesentlich auf die Selbst- und Informationskompetenz des Individuums. Gehen wir es an.<\/p>\n<\/div><\/div><div class=\"w-actionbox-controls\"><a class=\"w-btn us-btn-style_2\" title=\"SharePoint\" href=\"https:\/\/www.juergenholz.de\/smallthingsblog\/\"><span class=\"w-btn-label\">Zum Blog<\/span><\/a><\/div><\/div><\/div><\/div><\/div><\/div><\/div><\/section>\n<div class=\"juerg-endepost\" style=\"margin-left: auto;margin-right: auto;text-align: center;\" id=\"juerg-3335318111\"><div class=\"juerg-adlabel\">Werbung<\/div><script async src=\"\/\/pagead2.googlesyndication.com\/pagead\/js\/adsbygoogle.js?client=ca-pub-4708705370860748\" crossorigin=\"anonymous\"><\/script><ins class=\"adsbygoogle\" style=\"display:inline-block;width:728px;height:90px;\" \ndata-ad-client=\"ca-pub-4708705370860748\" \ndata-ad-slot=\"4810788593\"><\/ins> \n<script> \n(adsbygoogle = window.adsbygoogle || []).push({}); \n<\/script>\n<\/div>","protected":false},"excerpt":{"rendered":"J\u00fcrgen Holz Sch\u00f6n das wir uns virtuell treffen. Du findest hier viele Beitr\u00e4ge und Informationen die mich in meinem Leben begleiten und beindrucken. Da sind meine aktuellen arbeitstechnischen Themen als Entwickler, Consultant und Trainer wie Microsoft 365, SharePoint und dazu die verschiedene Programmiersprachen und Markupsprachen (Powershell,Java,C#, Javascript, HTML,CSS,XML,XSLT). Weiterhin findet Ihr Beitr\u00e4ge zum Klettern und...","protected":false},"author":1,"featured_media":0,"parent":0,"menu_order":0,"comment_status":"closed","ping_status":"closed","template":"","meta":{"footnotes":""},"translation":{"provider":"WPGlobus","version":"3.0.0","language":"en","enabled_languages":["de","en"],"languages":{"de":{"title":true,"content":true,"excerpt":false},"en":{"title":false,"content":false,"excerpt":false}}},"_links":{"self":[{"href":"https:\/\/www.juergenholz.de\/en\/wp-json\/wp\/v2\/pages\/2011"}],"collection":[{"href":"https:\/\/www.juergenholz.de\/en\/wp-json\/wp\/v2\/pages"}],"about":[{"href":"https:\/\/www.juergenholz.de\/en\/wp-json\/wp\/v2\/types\/page"}],"author":[{"embeddable":true,"href":"https:\/\/www.juergenholz.de\/en\/wp-json\/wp\/v2\/users\/1"}],"replies":[{"embeddable":true,"href":"https:\/\/www.juergenholz.de\/en\/wp-json\/wp\/v2\/comments?post=2011"}],"version-history":[{"count":141,"href":"https:\/\/www.juergenholz.de\/en\/wp-json\/wp\/v2\/pages\/2011\/revisions"}],"predecessor-version":[{"id":2521,"href":"https:\/\/www.juergenholz.de\/en\/wp-json\/wp\/v2\/pages\/2011\/revisions\/2521"}],"wp:attachment":[{"href":"https:\/\/www.juergenholz.de\/en\/wp-json\/wp\/v2\/media?parent=2011"}],"curies":[{"name":"wp","href":"https:\/\/api.w.org\/{rel}","templated":true}]}}